{"id":9334,"date":"2024-07-04T14:05:09","date_gmt":"2024-07-04T13:05:09","guid":{"rendered":"https:\/\/betoparts.com\/assistencia\/"},"modified":"2024-11-25T16:25:50","modified_gmt":"2024-11-25T16:25:50","slug":"assistencia","status":"publish","type":"page","link":"https:\/\/betoparts.com\/pt-pt\/assistencia\/","title":{"rendered":"Assist\u00eancia"},"content":{"rendered":"\t\t<div data-elementor-type=\"wp-page\" data-elementor-id=\"9334\" class=\"elementor elementor-9334 elementor-8823\">\n\t\t\t\t\t\t<section class=\"elementor-section elementor-top-section elementor-element elementor-element-d3a6f26 elementor-section-full_width qodef-elementor-content-grid elementor-section-height-default elementor-section-height-default\" data-id=\"d3a6f26\" data-element_type=\"section\">\n\t\t\t\t\t\t<div class=\"elementor-container elementor-column-gap-default\">\n\t\t\t\t\t<div class=\"elementor-column elementor-col-50 elementor-top-column elementor-element elementor-element-8ebd7b9\" data-id=\"8ebd7b9\" data-element_type=\"column\">\n\t\t\t<div class=\"elementor-widget-wrap elementor-element-populated\">\n\t\t\t\t\t\t<div class=\"elementor-element elementor-element-1b6265c elementor-widget elementor-widget-text-editor\" data-id=\"1b6265c\" data-element_type=\"widget\" data-widget_type=\"text-editor.default\">\n\t\t\t\t<div class=\"elementor-widget-container\">\n\t\t\t\t\t\t\t\t\t<p>Enquanto centro de assist\u00eancia t\u00e9cnica autorizado da CIFA S.p.A em Portugal, asseguramos a repara\u00e7\u00e3o e manuten\u00e7\u00e3o integral de todos os equipamentos de bet\u00e3o da marca, incluindo bombas m\u00f3veis, autobombas de bet\u00e3o e betoneiras. Realizamos uma ampla gama de servi\u00e7os de garantia, inspe\u00e7\u00f5es anuais, repara\u00e7\u00f5es e recondicionamento, incluindo revis\u00f5es de equipamentos com v\u00e1lvulas de gaveta. Trocamos tubagens, reparamos sistemas hidr\u00e1ulicos e el\u00e9tricos de fabricantes de todas as marcas.<\/p>\n\t\t\t\t\t\t\t\t<\/div>\n\t\t\t\t<\/div>\n\t\t\t\t<div class=\"elementor-element elementor-element-af81b33 elementor-icon-list--layout-traditional elementor-list-item-link-full_width elementor-widget elementor-widget-icon-list\" data-id=\"af81b33\" data-element_type=\"widget\" data-widget_type=\"icon-list.default\">\n\t\t\t\t<div class=\"elementor-widget-container\">\n\t\t\t\t\t\t\t<ul class=\"elementor-icon-list-items\">\n\t\t\t\t\t\t\t<li class=\"elementor-icon-list-item\">\n\t\t\t\t\t\t\t\t\t\t\t<a href=\"mailto:posvenda@betoparts.com\">\n\n\t\t\t\t\t\t\t\t\t\t\t\t<span class=\"elementor-icon-list-icon\">\n\t\t\t\t\t\t\t<svg aria-hidden=\"true\" class=\"e-font-icon-svg e-far-envelope\" viewBox=\"0 0 512 512\" xmlns=\"http:\/\/www.w3.org\/2000\/svg\"><path d=\"M464 64H48C21.49 64 0 85.49 0 112v288c0 26.51 21.49 48 48 48h416c26.51 0 48-21.49 48-48V112c0-26.51-21.49-48-48-48zm0 48v40.805c-22.422 18.259-58.168 46.651-134.587 106.49-16.841 13.247-50.201 45.072-73.413 44.701-23.208.375-56.579-31.459-73.413-44.701C106.18 199.465 70.425 171.067 48 152.805V112h416zM48 400V214.398c22.914 18.251 55.409 43.862 104.938 82.646 21.857 17.205 60.134 55.186 103.062 54.955 42.717.231 80.509-37.199 103.053-54.947 49.528-38.783 82.032-64.401 104.947-82.653V400H48z\"><\/path><\/svg>\t\t\t\t\t\t<\/span>\n\t\t\t\t\t\t\t\t\t\t<span class=\"elementor-icon-list-text\">posvenda@betoparts.com<\/span>\n\t\t\t\t\t\t\t\t\t\t\t<\/a>\n\t\t\t\t\t\t\t\t\t<\/li>\n\t\t\t\t\t\t<\/ul>\n\t\t\t\t\t\t<\/div>\n\t\t\t\t<\/div>\n\t\t\t\t<div class=\"elementor-element elementor-element-c7cda7b elementor-widget elementor-widget-spacer\" data-id=\"c7cda7b\" data-element_type=\"widget\" data-widget_type=\"spacer.default\">\n\t\t\t\t<div class=\"elementor-widget-container\">\n\t\t\t\t\t\t\t<div class=\"elementor-spacer\">\n\t\t\t<div class=\"elementor-spacer-inner\"><\/div>\n\t\t<\/div>\n\t\t\t\t\t\t<\/div>\n\t\t\t\t<\/div>\n\t\t\t\t\t<\/div>\n\t\t<\/div>\n\t\t\t\t<div class=\"elementor-column elementor-col-50 elementor-top-column elementor-element elementor-element-42601dd\" data-id=\"42601dd\" data-element_type=\"column\">\n\t\t\t<div class=\"elementor-widget-wrap elementor-element-populated\">\n\t\t\t\t\t\t<div class=\"elementor-element elementor-element-6676e11 elementor-widget elementor-widget-image\" data-id=\"6676e11\" data-element_type=\"widget\" data-widget_type=\"image.default\">\n\t\t\t\t<div class=\"elementor-widget-container\">\n\t\t\t\t\t\t\t\t\t\t\t\t\t\t\t<img fetchpriority=\"high\" decoding=\"async\" width=\"1024\" height=\"555\" src=\"https:\/\/betoparts.com\/wp-content\/uploads\/2024\/07\/assist-1024x555.jpg\" class=\"attachment-large size-large wp-image-9058\" alt=\"\" srcset=\"https:\/\/betoparts.com\/wp-content\/uploads\/2024\/07\/assist-1024x555.jpg 1024w, https:\/\/betoparts.com\/wp-content\/uploads\/2024\/07\/assist-300x163.jpg 300w, https:\/\/betoparts.com\/wp-content\/uploads\/2024\/07\/assist-768x416.jpg 768w, https:\/\/betoparts.com\/wp-content\/uploads\/2024\/07\/assist.jpg 1080w\" sizes=\"(max-width: 1024px) 100vw, 1024px\" \/>\t\t\t\t\t\t\t\t\t\t\t\t\t\t\t<\/div>\n\t\t\t\t<\/div>\n\t\t\t\t<div class=\"elementor-element elementor-element-af810c1 elementor-widget elementor-widget-spacer\" data-id=\"af810c1\" data-element_type=\"widget\" data-widget_type=\"spacer.default\">\n\t\t\t\t<div class=\"elementor-widget-container\">\n\t\t\t\t\t\t\t<div class=\"elementor-spacer\">\n\t\t\t<div class=\"elementor-spacer-inner\"><\/div>\n\t\t<\/div>\n\t\t\t\t\t\t<\/div>\n\t\t\t\t<\/div>\n\t\t\t\t\t<\/div>\n\t\t<\/div>\n\t\t\t\t\t<\/div>\n\t\t<\/section>\n\t\t\t\t<\/div>\n\t\t","protected":false},"excerpt":{"rendered":"<p>Enquanto centro de assist\u00eancia t\u00e9cnica autorizado da CIFA S.p.A em Portugal, asseguramos a repara\u00e7\u00e3o e manuten\u00e7\u00e3o integral de todos os equipamentos de bet\u00e3o da marca, incluindo bombas m\u00f3veis, autobombas de bet\u00e3o e betoneiras. Realizamos uma ampla gama de servi\u00e7os de garantia, inspe\u00e7\u00f5es anuais, repara\u00e7\u00f5es e recondicionamento, incluindo revis\u00f5es de equipamentos com v\u00e1lvulas de gaveta. Trocamos [&hellip;]<\/p>\n","protected":false},"author":3,"featured_media":0,"parent":0,"menu_order":0,"comment_status":"closed","ping_status":"closed","template":"page-full-width.php","meta":{"footnotes":""},"class_list":["post-9334","page","type-page","status-publish","hentry"],"yoast_head":"<!-- This site is optimized with the Yoast SEO plugin v26.5 - https:\/\/yoast.com\/wordpress\/plugins\/seo\/ -->\n<title>Assist\u00eancia - Betoparts<\/title>\n<meta name=\"robots\" content=\"index, follow, max-snippet:-1, max-image-preview:large, max-video-preview:-1\" \/>\n<link rel=\"canonical\" href=\"https:\/\/betoparts.com\/pt-pt\/assistencia\/\" \/>\n<meta property=\"og:locale\" content=\"pt_PT\" \/>\n<meta property=\"og:type\" content=\"article\" \/>\n<meta property=\"og:title\" content=\"Assist\u00eancia - Betoparts\" \/>\n<meta property=\"og:description\" content=\"Enquanto centro de assist\u00eancia t\u00e9cnica autorizado da CIFA S.p.A em Portugal, asseguramos a repara\u00e7\u00e3o e manuten\u00e7\u00e3o integral de todos os equipamentos de bet\u00e3o da marca, incluindo bombas m\u00f3veis, autobombas de bet\u00e3o e betoneiras. Realizamos uma ampla gama de servi\u00e7os de garantia, inspe\u00e7\u00f5es anuais, repara\u00e7\u00f5es e recondicionamento, incluindo revis\u00f5es de equipamentos com v\u00e1lvulas de gaveta. Trocamos [&hellip;]\" \/>\n<meta property=\"og:url\" content=\"https:\/\/betoparts.com\/pt-pt\/assistencia\/\" \/>\n<meta property=\"og:site_name\" content=\"Betoparts\" \/>\n<meta property=\"article:publisher\" content=\"https:\/\/www.facebook.com\/people\/Betoparts-Lda\/pfbid02NZ82ybBcUXM3yacjUcqYu47mv1A9TN9acU6Y92MUXRncsfxuGWEBSH8FrDk9NiXel\/\" \/>\n<meta property=\"article:modified_time\" content=\"2024-11-25T16:25:50+00:00\" \/>\n<meta property=\"og:image\" content=\"https:\/\/betoparts.com\/wp-content\/uploads\/2024\/07\/assist-1024x555.jpg\" \/>\n<meta name=\"twitter:card\" content=\"summary_large_image\" \/>\n<script type=\"application\/ld+json\" class=\"yoast-schema-graph\">{\"@context\":\"https:\/\/schema.org\",\"@graph\":[{\"@type\":\"WebPage\",\"@id\":\"https:\/\/betoparts.com\/pt-pt\/assistencia\/\",\"url\":\"https:\/\/betoparts.com\/pt-pt\/assistencia\/\",\"name\":\"Assist\u00eancia - Betoparts\",\"isPartOf\":{\"@id\":\"https:\/\/betoparts.com\/pt-pt\/#website\"},\"primaryImageOfPage\":{\"@id\":\"https:\/\/betoparts.com\/pt-pt\/assistencia\/#primaryimage\"},\"image\":{\"@id\":\"https:\/\/betoparts.com\/pt-pt\/assistencia\/#primaryimage\"},\"thumbnailUrl\":\"https:\/\/betoparts.com\/wp-content\/uploads\/2024\/07\/assist-1024x555.jpg\",\"datePublished\":\"2024-07-04T13:05:09+00:00\",\"dateModified\":\"2024-11-25T16:25:50+00:00\",\"breadcrumb\":{\"@id\":\"https:\/\/betoparts.com\/pt-pt\/assistencia\/#breadcrumb\"},\"inLanguage\":\"pt-PT\",\"potentialAction\":[{\"@type\":\"ReadAction\",\"target\":[\"https:\/\/betoparts.com\/pt-pt\/assistencia\/\"]}]},{\"@type\":\"ImageObject\",\"inLanguage\":\"pt-PT\",\"@id\":\"https:\/\/betoparts.com\/pt-pt\/assistencia\/#primaryimage\",\"url\":\"https:\/\/betoparts.com\/wp-content\/uploads\/2024\/07\/assist-1024x555.jpg\",\"contentUrl\":\"https:\/\/betoparts.com\/wp-content\/uploads\/2024\/07\/assist-1024x555.jpg\"},{\"@type\":\"BreadcrumbList\",\"@id\":\"https:\/\/betoparts.com\/pt-pt\/assistencia\/#breadcrumb\",\"itemListElement\":[{\"@type\":\"ListItem\",\"position\":1,\"name\":\"Home\",\"item\":\"https:\/\/betoparts.com\/pt-pt\/\"},{\"@type\":\"ListItem\",\"position\":2,\"name\":\"Assist\u00eancia\"}]},{\"@type\":\"WebSite\",\"@id\":\"https:\/\/betoparts.com\/pt-pt\/#website\",\"url\":\"https:\/\/betoparts.com\/pt-pt\/\",\"name\":\"Betoparts\",\"description\":\"\",\"publisher\":{\"@id\":\"https:\/\/betoparts.com\/pt-pt\/#organization\"},\"potentialAction\":[{\"@type\":\"SearchAction\",\"target\":{\"@type\":\"EntryPoint\",\"urlTemplate\":\"https:\/\/betoparts.com\/pt-pt\/?s={search_term_string}\"},\"query-input\":{\"@type\":\"PropertyValueSpecification\",\"valueRequired\":true,\"valueName\":\"search_term_string\"}}],\"inLanguage\":\"pt-PT\"},{\"@type\":\"Organization\",\"@id\":\"https:\/\/betoparts.com\/pt-pt\/#organization\",\"name\":\"Betoparts\",\"url\":\"https:\/\/betoparts.com\/pt-pt\/\",\"logo\":{\"@type\":\"ImageObject\",\"inLanguage\":\"pt-PT\",\"@id\":\"https:\/\/betoparts.com\/pt-pt\/#\/schema\/logo\/image\/\",\"url\":\"https:\/\/betoparts.com\/wp-content\/uploads\/2024\/07\/logo_bpc.png\",\"contentUrl\":\"https:\/\/betoparts.com\/wp-content\/uploads\/2024\/07\/logo_bpc.png\",\"width\":440,\"height\":74,\"caption\":\"Betoparts\"},\"image\":{\"@id\":\"https:\/\/betoparts.com\/pt-pt\/#\/schema\/logo\/image\/\"},\"sameAs\":[\"https:\/\/www.facebook.com\/people\/Betoparts-Lda\/pfbid02NZ82ybBcUXM3yacjUcqYu47mv1A9TN9acU6Y92MUXRncsfxuGWEBSH8FrDk9NiXel\/\",\"https:\/\/www.linkedin.com\/company\/betoparts\/\"]}]}<\/script>\n<!-- \/ Yoast SEO plugin. -->","yoast_head_json":{"title":"Assist\u00eancia - Betoparts","robots":{"index":"index","follow":"follow","max-snippet":"max-snippet:-1","max-image-preview":"max-image-preview:large","max-video-preview":"max-video-preview:-1"},"canonical":"https:\/\/betoparts.com\/pt-pt\/assistencia\/","og_locale":"pt_PT","og_type":"article","og_title":"Assist\u00eancia - Betoparts","og_description":"Enquanto centro de assist\u00eancia t\u00e9cnica autorizado da CIFA S.p.A em Portugal, asseguramos a repara\u00e7\u00e3o e manuten\u00e7\u00e3o integral de todos os equipamentos de bet\u00e3o da marca, incluindo bombas m\u00f3veis, autobombas de bet\u00e3o e betoneiras. Realizamos uma ampla gama de servi\u00e7os de garantia, inspe\u00e7\u00f5es anuais, repara\u00e7\u00f5es e recondicionamento, incluindo revis\u00f5es de equipamentos com v\u00e1lvulas de gaveta. Trocamos [&hellip;]","og_url":"https:\/\/betoparts.com\/pt-pt\/assistencia\/","og_site_name":"Betoparts","article_publisher":"https:\/\/www.facebook.com\/people\/Betoparts-Lda\/pfbid02NZ82ybBcUXM3yacjUcqYu47mv1A9TN9acU6Y92MUXRncsfxuGWEBSH8FrDk9NiXel\/","article_modified_time":"2024-11-25T16:25:50+00:00","og_image":[{"url":"https:\/\/betoparts.com\/wp-content\/uploads\/2024\/07\/assist-1024x555.jpg","type":"","width":"","height":""}],"twitter_card":"summary_large_image","schema":{"@context":"https:\/\/schema.org","@graph":[{"@type":"WebPage","@id":"https:\/\/betoparts.com\/pt-pt\/assistencia\/","url":"https:\/\/betoparts.com\/pt-pt\/assistencia\/","name":"Assist\u00eancia - Betoparts","isPartOf":{"@id":"https:\/\/betoparts.com\/pt-pt\/#website"},"primaryImageOfPage":{"@id":"https:\/\/betoparts.com\/pt-pt\/assistencia\/#primaryimage"},"image":{"@id":"https:\/\/betoparts.com\/pt-pt\/assistencia\/#primaryimage"},"thumbnailUrl":"https:\/\/betoparts.com\/wp-content\/uploads\/2024\/07\/assist-1024x555.jpg","datePublished":"2024-07-04T13:05:09+00:00","dateModified":"2024-11-25T16:25:50+00:00","breadcrumb":{"@id":"https:\/\/betoparts.com\/pt-pt\/assistencia\/#breadcrumb"},"inLanguage":"pt-PT","potentialAction":[{"@type":"ReadAction","target":["https:\/\/betoparts.com\/pt-pt\/assistencia\/"]}]},{"@type":"ImageObject","inLanguage":"pt-PT","@id":"https:\/\/betoparts.com\/pt-pt\/assistencia\/#primaryimage","url":"https:\/\/betoparts.com\/wp-content\/uploads\/2024\/07\/assist-1024x555.jpg","contentUrl":"https:\/\/betoparts.com\/wp-content\/uploads\/2024\/07\/assist-1024x555.jpg"},{"@type":"BreadcrumbList","@id":"https:\/\/betoparts.com\/pt-pt\/assistencia\/#breadcrumb","itemListElement":[{"@type":"ListItem","position":1,"name":"Home","item":"https:\/\/betoparts.com\/pt-pt\/"},{"@type":"ListItem","position":2,"name":"Assist\u00eancia"}]},{"@type":"WebSite","@id":"https:\/\/betoparts.com\/pt-pt\/#website","url":"https:\/\/betoparts.com\/pt-pt\/","name":"Betoparts","description":"","publisher":{"@id":"https:\/\/betoparts.com\/pt-pt\/#organization"},"potentialAction":[{"@type":"SearchAction","target":{"@type":"EntryPoint","urlTemplate":"https:\/\/betoparts.com\/pt-pt\/?s={search_term_string}"},"query-input":{"@type":"PropertyValueSpecification","valueRequired":true,"valueName":"search_term_string"}}],"inLanguage":"pt-PT"},{"@type":"Organization","@id":"https:\/\/betoparts.com\/pt-pt\/#organization","name":"Betoparts","url":"https:\/\/betoparts.com\/pt-pt\/","logo":{"@type":"ImageObject","inLanguage":"pt-PT","@id":"https:\/\/betoparts.com\/pt-pt\/#\/schema\/logo\/image\/","url":"https:\/\/betoparts.com\/wp-content\/uploads\/2024\/07\/logo_bpc.png","contentUrl":"https:\/\/betoparts.com\/wp-content\/uploads\/2024\/07\/logo_bpc.png","width":440,"height":74,"caption":"Betoparts"},"image":{"@id":"https:\/\/betoparts.com\/pt-pt\/#\/schema\/logo\/image\/"},"sameAs":["https:\/\/www.facebook.com\/people\/Betoparts-Lda\/pfbid02NZ82ybBcUXM3yacjUcqYu47mv1A9TN9acU6Y92MUXRncsfxuGWEBSH8FrDk9NiXel\/","https:\/\/www.linkedin.com\/company\/betoparts\/"]}]}},"_links":{"self":[{"href":"https:\/\/betoparts.com\/pt-pt\/wp-json\/wp\/v2\/pages\/9334","targetHints":{"allow":["GET"]}}],"collection":[{"href":"https:\/\/betoparts.com\/pt-pt\/wp-json\/wp\/v2\/pages"}],"about":[{"href":"https:\/\/betoparts.com\/pt-pt\/wp-json\/wp\/v2\/types\/page"}],"author":[{"embeddable":true,"href":"https:\/\/betoparts.com\/pt-pt\/wp-json\/wp\/v2\/users\/3"}],"replies":[{"embeddable":true,"href":"https:\/\/betoparts.com\/pt-pt\/wp-json\/wp\/v2\/comments?post=9334"}],"version-history":[{"count":1,"href":"https:\/\/betoparts.com\/pt-pt\/wp-json\/wp\/v2\/pages\/9334\/revisions"}],"predecessor-version":[{"id":9335,"href":"https:\/\/betoparts.com\/pt-pt\/wp-json\/wp\/v2\/pages\/9334\/revisions\/9335"}],"wp:attachment":[{"href":"https:\/\/betoparts.com\/pt-pt\/wp-json\/wp\/v2\/media?parent=9334"}],"curies":[{"name":"wp","href":"https:\/\/api.w.org\/{rel}","templated":true}]}}